{"id":6769,"date":"2018-05-21T06:52:33","date_gmt":"2018-05-21T06:52:33","guid":{"rendered":"http:\/\/www.ipsa-lex.com\/aviso-legal-y-politica-de-privacidad\/"},"modified":"2018-05-21T07:13:37","modified_gmt":"2018-05-21T07:13:37","slug":"avis-legal-i-politica-de-privacitat","status":"publish","type":"page","link":"https:\/\/www.ipsa-lex.com\/ca\/avis-legal-i-politica-de-privacitat\/","title":{"rendered":"Av\u00eds legal i pol\u00edtica de privacitat"},"content":{"rendered":"<p><strong>OBJECTE SOCIAL<br \/>\n<\/strong>IPSA LEX ABOGADOS, S.L.P, estem especialitzats, des de fa m\u00e9s de 40 anys, en dret laboral i de\u00a0 Seguretat Social.<\/p>\n<br \/>\n<p><strong>PROPIETAT INTEL\u00b7LECTUAL I INDUSTRIAL<\/strong><\/p>\n<p>Tots els drets de propietat industrial i intel\u00b7lectual de la totalitat d&#8217;elements continguts en aquesta web, incloses les marques comercials, formats, dissenys gr\u00e0fics, textos, imatges i documents, pertanyen a IPSA LEX ABOGADOS, SLP i es troben protegits per les lleis espanyoles i internacionals sobre propietat Intel\u00b7lectual i Industrial. Queda expressament prohibida la reproducci\u00f3 total o parcial d&#8217;aquest lloc web i de qualsevol dels seus continguts sense el perm\u00eds expr\u00e9s i per escrit de IPSA LEX ABOGADOS, S.L.P<\/p>\n<p>L&#8217;acc\u00e9s al lloc web no implica cap tipus de ren\u00fancia, transmissi\u00f3, llic\u00e8ncia o cessi\u00f3 d&#8217;aquests drets per part de IPSA LEX ABOGADOS, S.L.P llevat que s&#8217;estableixi expressament el contrari.<\/p>\n<br \/>\n<p><strong>CONDICIONS D&#8217;\u00daS<\/strong><\/p>\n<p>L&#8217;acc\u00e9s a aquest lloc web implica l&#8217;acceptaci\u00f3 d&#8217;aquestes condicions d&#8217;\u00fas sense reserves que regulen l&#8217;acc\u00e9s i la utilitzaci\u00f3 del mateix per tal de posar a disposici\u00f3 dels usuaris informaci\u00f3 sobre els nostres serveis professionals.<\/p>\n<p>Es prohibeix expressament la utilitzaci\u00f3 dels continguts d&#8217;aquest lloc web per a la seva utilitzaci\u00f3 amb fins comercials o per a la seva distribuci\u00f3, transformaci\u00f3 o comunicaci\u00f3.<\/p>\n<p>IPSA LEX ABOGADOS S.L.P, no respondr\u00e0 de cap conseq\u00fc\u00e8ncia, dany o perjudici que poguessin derivar d&#8217;aquesta utilitzaci\u00f3 o \u00fas de la informaci\u00f3.<\/p>\n<p>Tant l&#8217;acc\u00e9s a aquesta web com l&#8217;\u00fas que es pugui fer de la informaci\u00f3 continguda en la mateixa \u00e9s de l&#8217;exclusiva responsabilitat de qui ho realitza.<\/p>\n<p>L&#8217;usuari s&#8217;obliga a no utilitzar la informaci\u00f3 que es publica en aquesta web amb fins o efectes il\u00b7l\u00edcits o lesius, a no danyar o inutilitzar la informaci\u00f3 i a no realitzar qualsevol altra acci\u00f3 que pugui ser contr\u00e0ria al contingut d&#8217;aquest Av\u00eds Legal.<\/p>\n<p>IPSA LEX ABOGADOS, S.L.P. no pot assegurar la inexist\u00e8ncia d&#8217;interrupcions o errors en l&#8217;acc\u00e9s a aquest lloc web, tot i que posar\u00e0 els seus majors esfor\u00e7os per evitar-los.<\/p>\n<p><strong><br \/>\nPOL\u00cdTICA DE PROTECCI\u00d3 DE DADES<\/strong><\/p>\n<p>En compliment del REGLAMENT (UE) 2016\/679 DEL PARLAMENT EUROPEU I DEL CONSELL de 27 d&#8217;Abril de 2016, relatiu a la protecci\u00f3 de les persones f\u00edsiques pel que fa al tractament de dades personals i a la lliure circulaci\u00f3 d&#8217;aquestes dades i la seva normativa de desenvolupament, se li informa que les dades personals proporcionades per vost\u00e8 seran tractades amb la finalitat de facilitar la informaci\u00f3 sol\u00b7licitada sobre els nostres serveis professionals, gestionar la seva sol\u00b7licitud de consulta \/ cita pr\u00e8via, aix\u00ed com la de donar resposta i gestionar els seus comentaris i suggeriments.<\/p>\n<p>A trav\u00e9s de l&#8217;emplenament de formularis de contacte de la Web o mitjan\u00e7ant l&#8217;enviament de correus electr\u00f2nics o qualsevol altre tipus de sol\u00b7licitud d&#8217;informaci\u00f3 remesa a IPSA LEX ABOGADOS, S.L.P, l&#8217;interessat presta el seu consentiment expr\u00e9s per al tractament de les seves dades personals.<\/p>\n<p>En cap cas IPSA LEX ABOGADOS, S.L.P, utilitzar\u00e0 les dades personals dels interessats per a finalitats diferents dels anteriorment esmentats, ni els comunicar\u00e0 a tercers sense el consentiment previ i expr\u00e9s de l&#8217;afectat, i es compromet a guardar el degut secret professional i a establir les mesures t\u00e8cniques i organitzatives necess\u00e0ries per salvaguardar la informaci\u00f3 conforme als requeriments que estableix l&#8217;esmentat Reglament.<\/p>\n<p>Les seves dades personals es conservaran en els nostres registres durant un per\u00edode de dos anys. No obstant aix\u00f2, en qualsevol moment vost\u00e8 pot sol\u00b7licitar l&#8217;acc\u00e9s a les seves dades personals i la seva rectificaci\u00f3 o supressi\u00f3. Aix\u00ed com, limitar el seu tractament, o directament oposar-se al tractament o exercir el dret a la portabilitat dels mateixos.<\/p>\n<p>Tamb\u00e9 li informem del seu dret a presentar una reclamaci\u00f3 davant l&#8217;Ag\u00e8ncia Espanyola de Protecci\u00f3 de Dades, si considera que en el tractament de les seves dades no s&#8217;estan respectant els seus drets.<\/p>\n<p>Identitat del responsable (contacte): IPSA LEX ABOGADOS, S.L.P Rambla de Catalunya, 98bis, 1\u00ba -08008 Barcelona-<\/p>\n<p><strong><br \/>\nLEGISLACI\u00d3 APLICABLE I COMPET\u00c8NCIA JURISDICCIONAL<\/strong><\/p>\n<p>El present Av\u00eds Legal es regeix per la normativa espanyola vigent que li \u00e9s aplicable.<\/p>\n<p>Per a la resoluci\u00f3 de les controv\u00e8rsies que poguessin derivar-se com a conseq\u00fc\u00e8ncia del que es disposa en les presents disposicions i sobre la seva interpretaci\u00f3, aplicaci\u00f3 i compliment. L&#8217;usuari, en virtut de l&#8217;acceptaci\u00f3 de les condicions recollides en aquest Av\u00eds legal, ren\u00fancia expressament a qualsevol altre fur que pogu\u00e9s correspondre-li.<\/p>\n<p>En qualsevol cas, dins de la jurisdicci\u00f3 espanyola, si la legislaci\u00f3 permet\u00e9s sotmetre&#8217;s a un fur en concret, l&#8217;usuari renuncia expressament al fur que pogu\u00e9s correspondre-li i se sotmet volunt\u00e0riament a la jurisdicci\u00f3 dels Jutjats i Tribunals de Barcelona.<\/p>\n","protected":false},"excerpt":{"rendered":"<p>OBJECTE SOCIAL IPSA LEX ABOGADOS, S.L.P, estem especialitzats, des de fa m\u00e9s de 40 anys, en dret laboral i de\u00a0 Seguretat Social. PROPIETAT INTEL\u00b7LECTUAL I INDUSTRIAL Tots els drets de propietat industrial i intel\u00b7lectual de la totalitat d&#8217;elements continguts en aquesta web, incloses les marques comercials, formats, dissenys gr\u00e0fics, textos, imatges i documents, pertanyen a&#8230;<\/p>\n","protected":false},"author":1,"featured_media":0,"parent":0,"menu_order":0,"comment_status":"closed","ping_status":"closed","template":"","meta":{"inline_featured_image":false},"_links":{"self":[{"href":"https:\/\/www.ipsa-lex.com\/ca\/wp-json\/wp\/v2\/pages\/6769"}],"collection":[{"href":"https:\/\/www.ipsa-lex.com\/ca\/wp-json\/wp\/v2\/pages"}],"about":[{"href":"https:\/\/www.ipsa-lex.com\/ca\/wp-json\/wp\/v2\/types\/page"}],"author":[{"embeddable":true,"href":"https:\/\/www.ipsa-lex.com\/ca\/wp-json\/wp\/v2\/users\/1"}],"replies":[{"embeddable":true,"href":"https:\/\/www.ipsa-lex.com\/ca\/wp-json\/wp\/v2\/comments?post=6769"}],"version-history":[{"count":4,"href":"https:\/\/www.ipsa-lex.com\/ca\/wp-json\/wp\/v2\/pages\/6769\/revisions"}],"predecessor-version":[{"id":6791,"href":"https:\/\/www.ipsa-lex.com\/ca\/wp-json\/wp\/v2\/pages\/6769\/revisions\/6791"}],"wp:attachment":[{"href":"https:\/\/www.ipsa-lex.com\/ca\/wp-json\/wp\/v2\/media?parent=6769"}],"curies":[{"name":"wp","href":"https:\/\/api.w.org\/{rel}","templated":true}]}}