{"id":6773,"date":"2018-05-21T06:54:59","date_gmt":"2018-05-21T06:54:59","guid":{"rendered":"http:\/\/www.ipsa-lex.com\/politica-de-cookies\/"},"modified":"2018-05-22T09:36:08","modified_gmt":"2018-05-22T09:36:08","slug":"politica-de-cookies","status":"publish","type":"page","link":"https:\/\/www.ipsa-lex.com\/ca\/politica-de-cookies\/","title":{"rendered":"Pol\u00edtica de cookies"},"content":{"rendered":"<p><strong><u>Qu\u00e8 \u00e9s una\u00a0cookie?<\/u><\/strong><\/p>\n<p style=\"text-align: justify;\">Les\u00a0cookies\u00a0s\u00f3n fitxers que contenen petites quantitats d&#8217;informaci\u00f3, que es descarreguen en el seu ordinador en visitar determinades p\u00e0gines web. La seva finalitat principal \u00e9s permetre a una p\u00e0gina web emmagatzemar i recuperar informaci\u00f3 sobre els h\u00e0bits de navegaci\u00f3 de l&#8217;usuari, permetent aix\u00ed millorar la qualitat i oferir un millor \u00fas. El navegador memoritza\u00a0cookies\u00a0en el disc dur solament durant la sessi\u00f3, ocupen un espai de mem\u00f2ria m\u00ednim i no poden danyar el seu equip o dispositiu.<\/p>\n<p style=\"text-align: justify;\">Les\u00a0cookies\u00a0no contenen cap tipus d&#8217;informaci\u00f3 personal espec\u00edfica i la majoria s&#8217;esborren del disc dur en finalitzar la sessi\u00f3 del navegador.<\/p>\n<br \/>\n<p><strong><u>\u00das de\u00a0cookies\u00a0d&#8217;aquesta p\u00e0gina web<\/u><\/strong><\/p>\n<p><u>Cookies\u00a0t\u00e8cniques<\/u><\/p>\n<p style=\"text-align: justify;\">S\u00f3n aquelles imprescindibles i estrictament necess\u00e0ries per al correcte funcionament de la web i la utilitzaci\u00f3 de les diferents opcions i serveis que ofereix. Per exemple, serveixen per a la gesti\u00f3 del temps de resposta, rendiment o validaci\u00f3 d&#8217;opcions, utilitzar elements de seguretat, compartir contingut en xarxes socials, etc.<\/p>\n<br \/>\n<p><u>Cookies\u00a0d&#8217;an\u00e0lisis<\/u><\/p>\n<p style=\"text-align: justify;\">S\u00f3n aquelles que permeten el seguiment i l&#8217;an\u00e0lisi del comportament de l&#8217;usuari en el lloc web al que estan vinculades. La informaci\u00f3 recollida s&#8217;utilitza en el mesurament de l&#8217;activitat dels llocs web, aplicaci\u00f3 o plataforma i per a l&#8217;elaboraci\u00f3 de perfils de navegaci\u00f3 dels usuaris d&#8217;aquests llocs, amb la finalitat d&#8217;introduir millores en funci\u00f3 de l&#8217;\u00fas que fan els usuaris del servei.<\/p>\n<br \/>\n<p><u>Cookies\u00a0de personalitzaci\u00f3<\/u><\/p>\n<p style=\"text-align: justify;\">S\u00f3n aquelles que permeten a l&#8217;usuari especificar o personalitzar algunes caracter\u00edstiques de les opcions generals de la p\u00e0gina web, per exemple: definir l&#8217;idioma, la configuraci\u00f3 regional o el tipus de navegador.<\/p>\n<br \/>\n<p><u>Cookies\u00a0de tercers<\/u><\/p>\n<p style=\"text-align: justify;\">Aquesta web pot utilitzar serveis de tercers per recopilar informaci\u00f3 amb finalitats estad\u00edstiques de l&#8217;\u00fas que fa l&#8217;usuari del lloc web.<\/p>\n<br \/>\n<p style=\"text-align: justify;\">S&#8217;utilitza Google\u00a0Analytics, servei prestat per Google, Inc., entitat la qual t\u00e9 la oficina principal a 1600\u00a0Amphitheatre\u00a0Parkway,\u00a0MountainView\u00a0(Calif\u00f2rnia), CA 94043, Estats Units (d&#8217;ara endavant, &#8220;Google&#8221;).<\/p>\n<br \/>\n<p style=\"text-align: justify;\">La informaci\u00f3 que generen les\u00a0cookies\u00a0(incloent la seva adre\u00e7a IP) ser\u00e0 directament transmesa i arxivada per Google en els seus servidors d&#8217;Estats Units. Aquesta informaci\u00f3 ser\u00e0 utilitzada per Google per poder seguir la tra\u00e7a del seu \u00fas del Lloc web, recopilant aquesta activitat i prestant altres serveis relacionats amb aquesta.<\/p>\n<br \/>\n<p style=\"text-align: justify;\">Google podr\u00e0 transmetre aquesta informaci\u00f3 a tercers quan aix\u00ed l&#8217;hi requereixi la legislaci\u00f3 o quan dites terceres tractin la informaci\u00f3 per compte de Google. Google no associar\u00e0 la seva adre\u00e7a IP amb cap altra dada del que disposi. Pot veure tots els termes fixats a la Web Google.com.<\/p>\n<br \/>\n<p><u>Bloqueig, activaci\u00f3 o eliminaci\u00f3 de\u00a0cookies<\/u><\/p>\n<p>Pot gestionar l&#8217;\u00fas que fa el seu navegador de les\u00a0cookies; permetre-les, bloquejar-les o eliminar-les mitjan\u00e7ant la configuraci\u00f3 de les opcions del navegador que utilitzi:<\/p>\n<br \/>\n<p><u>Chrome<\/u>\u00a0&gt; <a href=\"https:\/\/support.google.com\/chrome\/answer\/95647?hl=es\">https:\/\/support.google.com\/chrome\/answer\/95647?hl=es<\/a><\/p>\n<p><u>Firefox<\/u> &gt; <a href=\"https:\/\/support.mozilla.org\/es\/kb\/habilitar-y-deshabilitar-cookies-que-los-sitios-we\">https:\/\/support.mozilla.org\/es\/kb\/habilitar-y-deshabilitar-cookies-que-los-sitios-we<\/a><\/p>\n<p><u>Explorer <\/u>&gt; <a href=\"http:\/\/windows.microsoft.com\/es-es\/windows7\/how-to-manage-cookies-in-internet-explorer-9\">http:\/\/windows.microsoft.com\/es-es\/windows7\/how-to-manage-cookies-in-internet-explorer-9<\/a><\/p>\n<p><u>Safari <\/u>&gt; <a href=\"http:\/\/support.apple.com\/kb\/ph5042\">http:\/\/support.apple.com\/kb\/ph5042<\/a><\/p>\n","protected":false},"excerpt":{"rendered":"<p>Qu\u00e8 \u00e9s una\u00a0cookie? Les\u00a0cookies\u00a0s\u00f3n fitxers que contenen petites quantitats d&#8217;informaci\u00f3, que es descarreguen en el seu ordinador en visitar determinades p\u00e0gines web. La seva finalitat principal \u00e9s permetre a una p\u00e0gina web emmagatzemar i recuperar informaci\u00f3 sobre els h\u00e0bits de navegaci\u00f3 de l&#8217;usuari, permetent aix\u00ed millorar la qualitat i oferir un millor \u00fas. El navegador&#8230;<\/p>\n","protected":false},"author":1,"featured_media":0,"parent":0,"menu_order":0,"comment_status":"closed","ping_status":"closed","template":"","meta":{"inline_featured_image":false},"_links":{"self":[{"href":"https:\/\/www.ipsa-lex.com\/ca\/wp-json\/wp\/v2\/pages\/6773"}],"collection":[{"href":"https:\/\/www.ipsa-lex.com\/ca\/wp-json\/wp\/v2\/pages"}],"about":[{"href":"https:\/\/www.ipsa-lex.com\/ca\/wp-json\/wp\/v2\/types\/page"}],"author":[{"embeddable":true,"href":"https:\/\/www.ipsa-lex.com\/ca\/wp-json\/wp\/v2\/users\/1"}],"replies":[{"embeddable":true,"href":"https:\/\/www.ipsa-lex.com\/ca\/wp-json\/wp\/v2\/comments?post=6773"}],"version-history":[{"count":6,"href":"https:\/\/www.ipsa-lex.com\/ca\/wp-json\/wp\/v2\/pages\/6773\/revisions"}],"predecessor-version":[{"id":6833,"href":"https:\/\/www.ipsa-lex.com\/ca\/wp-json\/wp\/v2\/pages\/6773\/revisions\/6833"}],"wp:attachment":[{"href":"https:\/\/www.ipsa-lex.com\/ca\/wp-json\/wp\/v2\/media?parent=6773"}],"curies":[{"name":"wp","href":"https:\/\/api.w.org\/{rel}","templated":true}]}}